{"id":71,"date":"2024-05-26T20:09:27","date_gmt":"2024-05-26T20:09:27","guid":{"rendered":"https:\/\/syndig.no\/?page_id=71"},"modified":"2025-07-20T10:06:15","modified_gmt":"2025-07-20T10:06:15","slug":"regler-og-darkroom-etikette","status":"publish","type":"page","link":"https:\/\/syndig.no\/?page_id=71","title":{"rendered":"Regler"},"content":{"rendered":"\n<div class=\"wp-block-media-text is-stacked-on-mobile\" style=\"grid-template-columns:25% auto\"><figure class=\"wp-block-media-text__media\"><img loading=\"lazy\" decoding=\"async\" width=\"309\" height=\"549\" src=\"https:\/\/syndig.no\/wp-content\/uploads\/2024\/05\/mobilregler-2024-1024x549-1-edited.jpg\" alt=\"\" class=\"wp-image-121 size-full\" srcset=\"https:\/\/syndig.no\/wp-content\/uploads\/2024\/05\/mobilregler-2024-1024x549-1-edited.jpg 309w, https:\/\/syndig.no\/wp-content\/uploads\/2024\/05\/mobilregler-2024-1024x549-1-edited-169x300.jpg 169w\" sizes=\"auto, (max-width: 309px) 100vw, 309px\" \/><\/figure><div class=\"wp-block-media-text__content\">\n<p class=\"has-text-align-center has-small-font-size\"><strong>Det er strengt mobil og fotoforbud. Mobil skal ikke opp av veska eller lomma<\/strong><br><br><strong>Vis diskresjon med hensyn til andres identitet, preferanser og hva andre foretar seg<\/strong><br><br><strong>Det er lov \u00e5 sp\u00f8rre om alt men respekter at alle kanskje ikke \u00f8nsker \u00e5 svare<\/strong> <br><br><strong>God folkeskikk gjelder selv om folk er sexy kledd. Det er strengt imot reglene \u00e5 tafse uten samtykke, stirre, f\u00f8lge etter noen, trakassere eller opptre creepy eller skremmende<\/strong> <\/p>\n<\/div><\/div>\n\n\n\n<p class=\"has-text-align-center\" style=\"font-size:28px\"><strong>Ingen medbrakt alkohol. Arrangementet har <strong>skjenkebevilling<\/strong> <\/strong><\/p>\n\n\n\n<div class=\"wp-block-columns is-layout-flex wp-container-core-columns-is-layout-9d6595d7 wp-block-columns-is-layout-flex\">\n<div class=\"wp-block-column is-layout-flow wp-block-column-is-layout-flow\">\n<p><strong>Regler &amp; Samtykke<\/strong><\/p>\n\n\n\n<ul class=\"wp-block-list\">\n<li>Respekter et nei eller en avvisning<\/li>\n\n\n\n<li>Ikke pr\u00f8v \u00e5 overtale eller press&nbsp;<\/li>\n\n\n\n<li>Ta hensyn til andres intimsoner og personlige grenser<\/li>\n\n\n\n<li>Ja til en ting betyr ikke samtykke til andre ting<\/li>\n\n\n\n<li>Samtykke kan trekkes tilbake. Alle har lov til \u00e5 ombestemme seg<\/li>\n\n\n\n<li>Dominante og submissive er likeverdige frem til noe annet er avtalt<\/li>\n\n\n\n<li>Mange kan p\u00e5 forh\u00e5nd ha avklart grenser eller v\u00e6re i en relasjon. Ikke anta at du har lov fordi noen andre har lov.&nbsp;Sp\u00f8r alltid!<\/li>\n\n\n\n<li>F\u00f8lg Norsk lov. Bruk sunn fornuft <\/li>\n<\/ul>\n<\/div>\n\n\n\n<div class=\"wp-block-column is-layout-flow wp-block-column-is-layout-flow\">\n<p><strong>Darkroom<\/strong> <strong>regler<\/strong><\/p>\n\n\n\n<ul class=\"wp-block-list\">\n<li>All kj\u00f8nnslig og eksplisitt lek med fokus p\u00e5 kj\u00f8nnsorgan skal kun skje inne p\u00e5 leke-omr\u00e5dene<\/li>\n\n\n\n<li>I leke-omr\u00e5det kan du bevege deg fritt uten \u00e5 bli ber\u00f8rt eller gjort noe med, men her er det naturlig at andre kan sp\u00f8rre mer direkte <\/li>\n\n\n\n<li>Om noen blir for n\u00e6rg\u00e5ende kan du enkelt holde opp h\u00e5ndflaten<\/li>\n\n\n\n<li>Respekter andres aktivitet. Deltagelse b\u00e5de fysisk og verbalt krever invitasjon. Pass ekstra p\u00e5 at du ikke forstyrrer andres aktivitet<\/li>\n\n\n\n<li>Rydd opp og rengj\u00f8r\/desinfiser  brukte m\u00f8bler\/overflater<\/li>\n<\/ul>\n<\/div>\n<\/div>\n\n\n\n<p class=\"has-text-align-center\"><strong>Samtykke st\u00e5r i sentrum av alt og det vil v\u00e6re egne samtykkevakter tilgjengelig hele kvelden. Opplever du noe negativt s\u00e5 pr\u00f8v \u00e5 ta det opp der og da med en av samtykkevaktene<\/strong><br><br><strong>Husk<\/strong> <strong>kodeordene<\/strong>:<br><strong>Rosa<\/strong>: Sjekk inn med partner f\u00f8r lek eventuelt fortsetter<\/p>\n\n\n\n<p class=\"has-text-align-center\"><strong>R\u00f8dt<\/strong>: Stopp all aktivitet. Sett dere ned og snakk om hva som var feil og bidra til \u00e5 skilles som gode venner<br><br><\/p>\n","protected":false},"excerpt":{"rendered":"<p>Det er strengt mobil og fotoforbud. Mobil skal ikke opp av veska eller lomma Vis diskresjon med hensyn til andres<\/p>\n<p><a href=\"https:\/\/syndig.no\/?page_id=71\" class=\"more-link\">Continue reading<span class=\"screen-reader-text\">Regler<\/span><\/a><\/p>\n","protected":false},"author":2,"featured_media":0,"parent":0,"menu_order":0,"comment_status":"closed","ping_status":"closed","template":"","meta":{"footnotes":""},"class_list":["post-71","page","type-page","status-publish","hentry"],"_links":{"self":[{"href":"https:\/\/syndig.no\/index.php?rest_route=\/wp\/v2\/pages\/71","targetHints":{"allow":["GET"]}}],"collection":[{"href":"https:\/\/syndig.no\/index.php?rest_route=\/wp\/v2\/pages"}],"about":[{"href":"https:\/\/syndig.no\/index.php?rest_route=\/wp\/v2\/types\/page"}],"author":[{"embeddable":true,"href":"https:\/\/syndig.no\/index.php?rest_route=\/wp\/v2\/users\/2"}],"replies":[{"embeddable":true,"href":"https:\/\/syndig.no\/index.php?rest_route=%2Fwp%2Fv2%2Fcomments&post=71"}],"version-history":[{"count":22,"href":"https:\/\/syndig.no\/index.php?rest_route=\/wp\/v2\/pages\/71\/revisions"}],"predecessor-version":[{"id":326,"href":"https:\/\/syndig.no\/index.php?rest_route=\/wp\/v2\/pages\/71\/revisions\/326"}],"wp:attachment":[{"href":"https:\/\/syndig.no\/index.php?rest_route=%2Fwp%2Fv2%2Fmedia&parent=71"}],"curies":[{"name":"wp","href":"https:\/\/api.w.org\/{rel}","templated":true}]}}