{"id":2,"date":"2024-05-23T16:45:22","date_gmt":"2024-05-23T16:45:22","guid":{"rendered":"https:\/\/syndig.no\/?page_id=2"},"modified":"2025-05-11T08:07:07","modified_gmt":"2025-05-11T08:07:07","slug":"sample-page","status":"publish","type":"page","link":"https:\/\/syndig.no\/?page_id=2","title":{"rendered":"DRESSCODE"},"content":{"rendered":"<div class=\"wp-block-image\">\n<figure class=\"aligncenter size-large\"><img loading=\"lazy\" decoding=\"async\" width=\"1024\" height=\"741\" src=\"https:\/\/syndig.no\/wp-content\/uploads\/2025\/05\/kleskode-final-1-1024x741.jpg\" alt=\"\" class=\"wp-image-313\" srcset=\"https:\/\/syndig.no\/wp-content\/uploads\/2025\/05\/kleskode-final-1-1024x741.jpg 1024w, https:\/\/syndig.no\/wp-content\/uploads\/2025\/05\/kleskode-final-1-300x217.jpg 300w, https:\/\/syndig.no\/wp-content\/uploads\/2025\/05\/kleskode-final-1-768x556.jpg 768w, https:\/\/syndig.no\/wp-content\/uploads\/2025\/05\/kleskode-final-1-1536x1112.jpg 1536w, https:\/\/syndig.no\/wp-content\/uploads\/2025\/05\/kleskode-final-1-2048x1482.jpg 2048w\" sizes=\"auto, (max-width: 1024px) 100vw, 1024px\" \/><\/figure>\n<\/div>\n\n\n<p class=\"has-text-align-center has-medium-gray-color has-text-color has-link-color wp-elements-1a2a9ac3101c9af4bdd777ffd8bec4ca\">Kleskoden bidrar til en felles trygghet hvor vi alle er sammen om \u00e5 v\u00e6re litt skaml\u00f8se og byr p\u00e5 oss selv. Vi gleder oss til \u00e5 se alle uttrykke personlighet, egenart, identitet, lekenhet, kreativitet og seksualitet. Alle kropper, kj\u00f8nn, og seksuelle orienteringer er hjertelig velkommen! Her skal vi feire mangfoldet og hverandre. Det er total nulltoleranse for aggressivitet, bodyshaming, ufine eller d\u00f8mmende kommentarer. Du kan ankomme n\u00f8ytralt og skifte inne<\/p>\n","protected":false},"excerpt":{"rendered":"<p>Kleskoden bidrar til en felles trygghet hvor vi alle er sammen om \u00e5 v\u00e6re litt skaml\u00f8se og byr p\u00e5 oss<\/p>\n<p><a href=\"https:\/\/syndig.no\/?page_id=2\" class=\"more-link\">Continue reading<span class=\"screen-reader-text\">DRESSCODE<\/span><\/a><\/p>\n","protected":false},"author":1,"featured_media":18,"parent":0,"menu_order":0,"comment_status":"closed","ping_status":"open","template":"","meta":{"footnotes":""},"class_list":["post-2","page","type-page","status-publish","has-post-thumbnail","hentry"],"_links":{"self":[{"href":"https:\/\/syndig.no\/index.php?rest_route=\/wp\/v2\/pages\/2","targetHints":{"allow":["GET"]}}],"collection":[{"href":"https:\/\/syndig.no\/index.php?rest_route=\/wp\/v2\/pages"}],"about":[{"href":"https:\/\/syndig.no\/index.php?rest_route=\/wp\/v2\/types\/page"}],"author":[{"embeddable":true,"href":"https:\/\/syndig.no\/index.php?rest_route=\/wp\/v2\/users\/1"}],"replies":[{"embeddable":true,"href":"https:\/\/syndig.no\/index.php?rest_route=%2Fwp%2Fv2%2Fcomments&post=2"}],"version-history":[{"count":26,"href":"https:\/\/syndig.no\/index.php?rest_route=\/wp\/v2\/pages\/2\/revisions"}],"predecessor-version":[{"id":314,"href":"https:\/\/syndig.no\/index.php?rest_route=\/wp\/v2\/pages\/2\/revisions\/314"}],"wp:featuredmedia":[{"embeddable":true,"href":"https:\/\/syndig.no\/index.php?rest_route=\/wp\/v2\/media\/18"}],"wp:attachment":[{"href":"https:\/\/syndig.no\/index.php?rest_route=%2Fwp%2Fv2%2Fmedia&parent=2"}],"curies":[{"name":"wp","href":"https:\/\/api.w.org\/{rel}","templated":true}]}}