{"id":174,"date":"2024-05-31T00:39:25","date_gmt":"2024-05-31T00:39:25","guid":{"rendered":"https:\/\/syndig.no\/?page_id=174"},"modified":"2024-06-03T21:34:54","modified_gmt":"2024-06-03T21:34:54","slug":"qa","status":"publish","type":"page","link":"https:\/\/syndig.no\/?page_id=174","title":{"rendered":"SP\u00d8RSM\u00c5L &#038; SVAR"},"content":{"rendered":"\n<p><strong>Hvem er festen \u00e5pen for?<br><\/strong>Dette er en helt \u00e5pen fest. Eneste krav er at du m\u00e5 f\u00f8lge kleskoden og arrangementreglene. <br>Du trenger ikke v\u00e6re medlem av S\u00f8rlandet BDSM eller noen annen forening\/<em>organisasjon<\/em>\u00a0<\/p>\n\n\n\n<p><strong>Hvilke kjerneverdier har dere?<\/strong><br>Vi er en kroppspositiv, kinkpositiv og sexpositiv arena med fokus p\u00e5 samtykkekultur og vi heier p\u00e5 kj\u00f8nn og seksualitetsmangfold <\/p>\n\n\n\n<p><strong>Er det en kink\/BDSM fest?:<br><\/strong>Nei men kink og sex er lov og oppfordret til inne p\u00e5 Leke-omr\u00e5dene. Resten av lokalet er som en ordin\u00e6r klubb bortsett fra at mange kommer til \u00e5 v\u00e6re ekstra spicy og sexy kledd.  <\/p>\n\n\n\n<p><strong>M\u00e5 jeg vise hud\/seksualitet?<\/strong><br>Nei det er m\u00e5ter \u00e5 oppfylle kleskoden p\u00e5 som ikke n\u00f8dvendigvis er seksuelt. <\/p>\n\n\n\n<p><strong>Musikk &amp; Volum<br><\/strong>Vi legger musikkvolumet hakket lavere en en tradisjonell nattklubb s\u00e5 det kun er p\u00e5 dansegulvet folk vil ha problemer med \u00e5 h\u00f8re hverandre. Kvelden har hovedvekt p\u00e5 EDM, dance og pop musikk men vi mikser ogs\u00e5 inn ikoniske eller tematisk passende sanger her og der. Rundt midnatt begynner musikken gradvis \u00e5 g\u00e5 over i en mer sexy &amp; steamy retning<br><br><strong>Hva Slags folk kommer?<\/strong><br>Frigjorte, ikke-d\u00f8mmende, \u00e5pensindige og tolerante mennesker som syntes mangfold, annerledeshet og seksualitet  er awesome. Vi h\u00e5per p\u00e5 en bred representasjon av personer med forskjellige seksuelle orienteringer, kinks, preferanser og forskjellige kj\u00f8nn, identiteter og utrykk.  <br><\/p>\n\n\n\n<p>Kontakt oss<\/p>\n\n\n\n<div class=\"wp-block-contact-form-7-contact-form-selector\">\n<div class=\"wpcf7 no-js\" id=\"wpcf7-f284-o1\" lang=\"en-US\" dir=\"ltr\">\n<div class=\"screen-reader-response\"><p role=\"status\" aria-live=\"polite\" aria-atomic=\"true\"><\/p> <ul><\/ul><\/div>\n<form action=\"\/index.php?rest_route=%2Fwp%2Fv2%2Fpages%2F174#wpcf7-f284-o1\" method=\"post\" class=\"wpcf7-form init\" aria-label=\"Contact form\" novalidate=\"novalidate\" data-status=\"init\">\n<div style=\"display: none;\">\n<input type=\"hidden\" name=\"_wpcf7\" value=\"284\" \/>\n<input type=\"hidden\" name=\"_wpcf7_version\" value=\"5.9.5\" \/>\n<input type=\"hidden\" name=\"_wpcf7_locale\" value=\"en_US\" \/>\n<input type=\"hidden\" name=\"_wpcf7_unit_tag\" value=\"wpcf7-f284-o1\" \/>\n<input type=\"hidden\" name=\"_wpcf7_container_post\" value=\"0\" \/>\n<input type=\"hidden\" name=\"_wpcf7_posted_data_hash\" value=\"\" \/>\n<\/div>\n<p><label> Ditt navn<br \/>\n<span class=\"wpcf7-form-control-wrap\" data-name=\"your-name\"><input size=\"40\" class=\"wpcf7-form-control wpcf7-text wpcf7-validates-as-required\" autocomplete=\"name\" aria-required=\"true\" aria-invalid=\"false\" value=\"\" type=\"text\" name=\"your-name\" \/><\/span> <\/label>\n<\/p>\n<p><label> Din e-post<br \/>\n<span class=\"wpcf7-form-control-wrap\" data-name=\"your-email\"><input size=\"40\" class=\"wpcf7-form-control wpcf7-email wpcf7-validates-as-required wpcf7-text wpcf7-validates-as-email\" autocomplete=\"email\" aria-required=\"true\" aria-invalid=\"false\" value=\"\" type=\"email\" name=\"your-email\" \/><\/span> <\/label>\n<\/p>\n<p><label> Emne<br \/>\n<span class=\"wpcf7-form-control-wrap\" data-name=\"your-subject\"><input size=\"40\" class=\"wpcf7-form-control wpcf7-text wpcf7-validates-as-required\" aria-required=\"true\" aria-invalid=\"false\" value=\"\" type=\"text\" name=\"your-subject\" \/><\/span> <\/label>\n<\/p>\n<p><label> Din melding<br \/>\n<span class=\"wpcf7-form-control-wrap\" data-name=\"your-message\"><textarea cols=\"40\" rows=\"10\" class=\"wpcf7-form-control wpcf7-textarea\" aria-invalid=\"false\" name=\"your-message\"><\/textarea><\/span> <\/label>\n<\/p>\n<p><input class=\"wpcf7-form-control wpcf7-submit has-spinner\" type=\"submit\" value=\"Submit\" \/>\n<\/p>\n<p><span class=\"wpcf7-form-control-wrap kc_captcha\" data-name=\"kc_captcha\"><span class=\"wpcf7-form-control wpcf7-radio\"><span class=\"captcha-image\" ><span class=\"cf7ic_instructions\">Please prove you are human by selecting the<span> key<\/span>.<\/span><label><input type=\"radio\" name=\"kc_captcha\" value=\"kc_human\" \/><svg width=\"50\" height=\"50\" aria-hidden=\"true\" role=\"img\" xmlns=\"http:\/\/www.w3.org\/2000\/svg\" viewBox=\"0 0 512 512\"><path fill=\"currentColor\" d=\"M512 176a176 176 0 01-209 173l-24 27a24 24 0 01-18 8h-37v40c0 13-11 24-24 24h-40v40c0 13-11 24-24 24H24c-13 0-24-11-24-24v-78c0-6 3-13 7-17l162-162a176 176 0 11343-55zm-176-48a48 48 0 1096 0 48 48 0 00-96 0z\"\/><\/svg><\/label><label><input type=\"radio\" name=\"kc_captcha\" value=\"bot\" \/><svg width=\"50\" height=\"50\" aria-hidden=\"true\" role=\"img\" xmlns=\"http:\/\/www.w3.org\/2000\/svg\" viewBox=\"0 0 384 512\"><path fill=\"currentColor\" d=\"M377 375l-83-87h34c21 0 32-25 17-40l-82-88h33c21 0 32-25 18-40L210 8c-10-11-26-11-36 0L70 120c-14 15-3 40 18 40h33l-82 88c-15 15-4 40 17 40h34L7 375c-15 16-4 41 17 41h120c0 33-11 49-34 68-12 9-5 28 10 28h144c15 0 22-19 10-28-20-16-34-32-34-68h120c21 0 32-25 17-41z\"\/><\/svg><\/label><label><input type=\"radio\" name=\"kc_captcha\" value=\"bot\" \/><svg width=\"50\" height=\"50\" aria-hidden=\"true\" role=\"img\" xmlns=\"http:\/\/www.w3.org\/2000\/svg\" viewBox=\"0 0 576 512\"><path fill=\"currentColor\" d=\"M472 200H360L256 6a12 12 0 00-10-6h-58c-8 0-14 7-12 15l34 185H100l-35-58a12 12 0 00-10-6H12c-8 0-13 7-12 14l21 106L0 362c-1 7 4 14 12 14h43c4 0 8-2 10-6l35-58h110l-34 185c-2 8 4 15 12 15h58a12 12 0 0010-6l104-194h112c57 0 104-25 104-56s-47-56-104-56z\"\/><\/svg><\/label>\r\n    <\/span>\r\n    <span style=\"display:none\">\r\n        <input type=\"text\" name=\"kc_honeypot\">\r\n    <\/span><\/span><\/span>\n<\/p><div class=\"wpcf7-response-output\" aria-hidden=\"true\"><\/div>\n<\/form>\n<\/div>\n<\/div>\n","protected":false},"excerpt":{"rendered":"<p>Hvem er festen \u00e5pen for?Dette er en helt \u00e5pen fest. Eneste krav er at du m\u00e5 f\u00f8lge kleskoden og arrangementreglene.<\/p>\n<p><a href=\"https:\/\/syndig.no\/?page_id=174\" class=\"more-link\">Continue reading<span class=\"screen-reader-text\">SP\u00d8RSM\u00c5L &#038; SVAR<\/span><\/a><\/p>\n","protected":false},"author":2,"featured_media":0,"parent":0,"menu_order":0,"comment_status":"closed","ping_status":"closed","template":"","meta":{"footnotes":""},"class_list":["post-174","page","type-page","status-publish","hentry"],"_links":{"self":[{"href":"https:\/\/syndig.no\/index.php?rest_route=\/wp\/v2\/pages\/174","targetHints":{"allow":["GET"]}}],"collection":[{"href":"https:\/\/syndig.no\/index.php?rest_route=\/wp\/v2\/pages"}],"about":[{"href":"https:\/\/syndig.no\/index.php?rest_route=\/wp\/v2\/types\/page"}],"author":[{"embeddable":true,"href":"https:\/\/syndig.no\/index.php?rest_route=\/wp\/v2\/users\/2"}],"replies":[{"embeddable":true,"href":"https:\/\/syndig.no\/index.php?rest_route=%2Fwp%2Fv2%2Fcomments&post=174"}],"version-history":[{"count":15,"href":"https:\/\/syndig.no\/index.php?rest_route=\/wp\/v2\/pages\/174\/revisions"}],"predecessor-version":[{"id":298,"href":"https:\/\/syndig.no\/index.php?rest_route=\/wp\/v2\/pages\/174\/revisions\/298"}],"wp:attachment":[{"href":"https:\/\/syndig.no\/index.php?rest_route=%2Fwp%2Fv2%2Fmedia&parent=174"}],"curies":[{"name":"wp","href":"https:\/\/api.w.org\/{rel}","templated":true}]}}