{"id":10,"date":"2024-05-23T17:37:24","date_gmt":"2024-05-23T17:37:24","guid":{"rendered":"https:\/\/syndig.no\/?page_id=10"},"modified":"2025-07-03T20:34:06","modified_gmt":"2025-07-03T20:34:06","slug":"klubb-syndig","status":"publish","type":"page","link":"https:\/\/syndig.no\/","title":{"rendered":"KLUBB SYNDIG"},"content":{"rendered":"\n<p class=\"has-text-align-center has-dark-yellow-color has-text-color has-link-color wp-elements-a383b1d65f7bcb1c0a426fe3dc9219bc\">Klubb Syndig er festen for alle som \u00f8nsker \u00e5 feire seksualitetsmangfold og samtykkekultur med stil. Festen foreg\u00e5r p\u00e5 lokalet til S\u00f8rlandet BDSM og alle frigjorte mennesker er velkommen. Er du en person kirka ville brent for 300 \u00e5r siden h\u00f8rer du hjemme hos oss!<br><br><strong>Kvelden har noe for alle<\/strong><br>Her kan du danse hele natten, se og bli sett, eller utforske seksualiteten. Vi prioriterer og setter av godt med plass til en roligere lounge med snakkevennlig volum <br><br><strong>Kveldens frekkere aktiviteter foreg\u00e5r p\u00e5 egne leke-omr\u00e5der du enkelt kan unng\u00e5 eller opps\u00f8ke  <br><\/strong><br>Dette er kvelden for deg som \u00f8nsker \u00e5 oppleve noe mer enn enda en bytur! Klubb syndig inviterer deg til \u00e5 v\u00e6re litt ekstra skaml\u00f8s og uttrykke personlighet, egenart, seksualitet, identitet, lekenhet eller kreativitet. Her er det ingen vanlige kl\u00e6r<br><strong> Om antrekket ikke ville snudd noen hoder i g\u00e5gata er det for tamt!<br><\/strong><br><strong>Lokalet heter SMuget og er til vanlig en BDSM klubb. Det ligger 15 min kj\u00f8ring unna Kristiansand sentrum.  Adresse og veibeskrivelse st\u00e5r i <a href=\"https:\/\/syndig.no\/?page_id=169\" data-type=\"page\" data-id=\"169\">billetten<\/a><\/strong><\/p>\n\n\n\n<p class=\"has-text-align-center\"><strong>Arrangementet har skjenkebevilling og det er ikke tillat med medbrakt alkohol<\/strong><\/p>\n","protected":false},"excerpt":{"rendered":"<p>Klubb Syndig er festen for alle som \u00f8nsker \u00e5 feire seksualitetsmangfold og samtykkekultur med stil. Festen foreg\u00e5r p\u00e5 lokalet til<\/p>\n<p><a href=\"https:\/\/syndig.no\/\" class=\"more-link\">Continue reading<span class=\"screen-reader-text\">KLUBB SYNDIG<\/span><\/a><\/p>\n","protected":false},"author":2,"featured_media":0,"parent":0,"menu_order":0,"comment_status":"closed","ping_status":"closed","template":"","meta":{"footnotes":""},"class_list":["post-10","page","type-page","status-publish","hentry"],"_links":{"self":[{"href":"https:\/\/syndig.no\/index.php?rest_route=\/wp\/v2\/pages\/10","targetHints":{"allow":["GET"]}}],"collection":[{"href":"https:\/\/syndig.no\/index.php?rest_route=\/wp\/v2\/pages"}],"about":[{"href":"https:\/\/syndig.no\/index.php?rest_route=\/wp\/v2\/types\/page"}],"author":[{"embeddable":true,"href":"https:\/\/syndig.no\/index.php?rest_route=\/wp\/v2\/users\/2"}],"replies":[{"embeddable":true,"href":"https:\/\/syndig.no\/index.php?rest_route=%2Fwp%2Fv2%2Fcomments&post=10"}],"version-history":[{"count":51,"href":"https:\/\/syndig.no\/index.php?rest_route=\/wp\/v2\/pages\/10\/revisions"}],"predecessor-version":[{"id":323,"href":"https:\/\/syndig.no\/index.php?rest_route=\/wp\/v2\/pages\/10\/revisions\/323"}],"wp:attachment":[{"href":"https:\/\/syndig.no\/index.php?rest_route=%2Fwp%2Fv2%2Fmedia&parent=10"}],"curies":[{"name":"wp","href":"https:\/\/api.w.org\/{rel}","templated":true}]}}